{"id":318,"date":"2019-11-27T16:01:01","date_gmt":"2019-11-27T15:01:01","guid":{"rendered":"https:\/\/www.sft-uzwil.ch\/?page_id=318"},"modified":"2025-08-22T13:38:31","modified_gmt":"2025-08-22T11:38:31","slug":"swiss-institute-feed-technology","status":"publish","type":"page","link":"https:\/\/www.sft-uzwil.ch\/en\/swiss-institute-feed-technology\/","title":{"rendered":"Swiss Institute of Feed Technology"},"content":{"rendered":"<div class=\"wpb-content-wrapper\"><p>[vc_section content_placement=&#8221;middle&#8221; el_id=&#8221;titelbild&#8221; css=&#8221;.vc_custom_1575014279875{background: #efeeec url(https:\/\/www.sft-uzwil.ch\/wp-content\/uploads\/2019\/11\/sft-titelbild-rohstoffe.jpg?id=483) !important;}&#8221; el_class=&#8221;titelbild&#8221;][vc_row][vc_column][\/vc_column][\/vc_row][\/vc_section][vc_section][vc_row][vc_column][vc_column_text]<\/p>\n<h4>About us<\/h4>\n<h1>SFT &#8211; Swiss Institute of Feed Technology<\/h1>\n<p>[\/vc_column_text][\/vc_column][\/vc_row][vc_row][vc_column width=&#8221;1\/2&#8243;][vc_column_text]Hands-on and focused \u2013 that&#8217;s more than just a slogan; it&#8217;s a real opportunity for the future! Before the Swiss Institute of Feed Technology (SFT) was founded in 1979, there was no opportunity to train as a manager of a compound feed plant and to learn how to handle and maintain it. But now it is no longer necessary for managers in this industry to laboriously gather their knowledge while also having avoidable negative experiences.<\/p>\n<p>For many years now, the SFT has been offering further training to all people who have the necessary basic knowledge of individual processes or the functioning of a compound feed plant.[\/vc_column_text][\/vc_column][vc_column width=&#8221;1\/2&#8243;][vc_column_text]Our location in Uzwil is particularly suitable for this purpose \u2013 and not just because of its practical proximity to the train station or Zurich Airport. As our school is located in the Training Center of B\u00fchler AG, we have our finger on the pulse of the times. The Buhler company provides us with access to its infrastructure, for example to its machinery, so that we can put our course contents into practice. The Milling Industry Department also has its training center here, which allows for a productive partnership.[\/vc_column_text][\/vc_column][\/vc_row][\/vc_section][vc_section el_class=&#8221;hintergrund-beige&#8221;][vc_row][vc_column][vc_column_text]<\/p>\n<h2><strong>Aim and purpose of the Institute<\/strong><\/h2>\n<p>[\/vc_column_text][\/vc_column][\/vc_row][vc_row][vc_column width=&#8221;1\/2&#8243;][vc_column_text]The feed industry is subject to constant change. It is therefore particularly important to meet the increasingly higher demands placed on the variety of end products and the increasingly demanding competitive conditions. The resulting technical and personnel changes in the production facilities make highly trained managers in the field of process engineering indispensable.<\/p>\n<p>The SFT, as an association, has recognized this trend and therefore imparts practical expertise in the production of animal feed. The successful completion of the &#8220;Diploma Course in Feed Manufacturing Technology&#8221; enables the graduate to understand and operate all modern process technologies and processes in a compound feed plant and to apply them sensibly.[\/vc_column_text][\/vc_column][vc_column width=&#8221;1\/2&#8243;][vc_column_text]The advantages of our Institute are obvious: by cooperating with the B\u00fchler Group, it is possible to put theoretical knowledge directly into practice. It offers access to the corresponding machines \u2013 according to the motto: look and touch. This practical and focused approach has proven its worth: we now have 577 successful graduates from over 73 different countries.[\/vc_column_text][\/vc_column][\/vc_row][\/vc_section][vc_section][vc_row equal_height=&#8221;yes&#8221; content_placement=&#8221;middle&#8221; el_class=&#8221;testimonial&#8221;][vc_column width=&#8221;1\/2&#8243;][vc_column_text]<\/p>\n<h3><strong>1979<\/strong><\/h3>\n<p>[\/vc_column_text][\/vc_column][vc_column width=&#8221;1\/2&#8243;][vc_column_text]Establishment of the institute in St. Margrethen by Dr. Ren\u00e9 B\u00fchler, the owner of the B\u00fchler Group at this time.\u00a0At the original location, a total of 8 courses were held in German and English, with a study period of 10 months.[\/vc_column_text][\/vc_column][\/vc_row][vc_row equal_height=&#8221;yes&#8221; rtl_reverse=&#8221;yes&#8221; content_placement=&#8221;middle&#8221; el_class=&#8221;testimonial&#8221;][vc_column width=&#8221;1\/2&#8243;][vc_column_text]<span lang=\"EN-US\">Move from St. Margrethen to Uzwil and introduction of today\u2019s proven concept.<\/span>[\/vc_column_text][\/vc_column][vc_column width=&#8221;1\/2&#8243;][vc_column_text]<\/p>\n<h3 style=\"text-align: left;\"><strong>1988<\/strong><\/h3>\n<p>[\/vc_column_text][\/vc_column][\/vc_row][vc_row equal_height=&#8221;yes&#8221; content_placement=&#8221;middle&#8221; el_class=&#8221;testimonial&#8221;][vc_column width=&#8221;1\/2&#8243;][vc_column_text]<\/p>\n<h3><strong>1995<\/strong><\/h3>\n<p>[\/vc_column_text][\/vc_column][vc_column width=&#8221;1\/2&#8243;][vc_column_text]<span lang=\"EN-US\">The SFT now functions as a non-profit association in accordance with the Swiss Civil Code.<\/span>[\/vc_column_text][\/vc_column][\/vc_row][vc_row equal_height=&#8221;yes&#8221; rtl_reverse=&#8221;yes&#8221; content_placement=&#8221;middle&#8221; el_class=&#8221;testimonial&#8221;][vc_column width=&#8221;1\/2&#8243;][vc_column_text]<span lang=\"EN-US\">The Association of Swiss Feed Manufacturers (VSF) grants the SFT recognition as a training and further education center for production personnel in the feed industry.<\/span>[\/vc_column_text][\/vc_column][vc_column width=&#8221;1\/2&#8243;][vc_column_text]<\/p>\n<h3 style=\"text-align: left;\"><strong>1997<\/strong><\/h3>\n<p>[\/vc_column_text][\/vc_column][\/vc_row][vc_row equal_height=&#8221;yes&#8221; content_placement=&#8221;middle&#8221; el_class=&#8221;testimonial&#8221;][vc_column width=&#8221;1\/2&#8243;][vc_column_text]<\/p>\n<h3><strong>2004<\/strong><\/h3>\n<p>[\/vc_column_text][\/vc_column][vc_column width=&#8221;1\/2&#8243;][vc_column_text]<span lang=\"EN-US\">The SFT celebrates its successful 25<sup>th<\/sup> anniversary and at the same time exceeds the mark of 400 equally successful graduates from over 60 countries.<\/span>[\/vc_column_text][\/vc_column][\/vc_row][vc_row equal_height=&#8221;yes&#8221; rtl_reverse=&#8221;yes&#8221; content_placement=&#8221;middle&#8221; el_class=&#8221;testimonial&#8221;][vc_column width=&#8221;1\/2&#8243;][vc_column_text]<span lang=\"EN-US\">Reorientation of the training program. From now on the motto is: hands-on and focused.<\/span>[\/vc_column_text][\/vc_column][vc_column width=&#8221;1\/2&#8243;][vc_column_text]<\/p>\n<h3 style=\"text-align: left;\"><strong>2008<\/strong><\/h3>\n<p>[\/vc_column_text][\/vc_column][\/vc_row][vc_row equal_height=&#8221;yes&#8221; content_placement=&#8221;middle&#8221; el_class=&#8221;testimonial&#8221;][vc_column width=&#8221;1\/2&#8243;][vc_column_text]<\/p>\n<h3><strong>2011<\/strong><\/h3>\n<p>[\/vc_column_text][\/vc_column][vc_column width=&#8221;1\/2&#8243; css=&#8221;.vc_custom_1574677010147{margin-bottom: 0px !important;padding-bottom: 0px !important;}&#8221;][vc_column_text css=&#8221;.vc_custom_1574866453989{margin-bottom: 0px !important;padding-bottom: 0px !important;}&#8221;]<span lang=\"EN-US\">Introduction of the &#8220;Concept 2012&#8221; \u2013 splitting the diploma course into two blocks in order to relieve the participants of the courses in terms of time. More information can be found\u00a0<\/span><a href=\"https:\/\/www.sft-uzwil.ch\/wp-content\/uploads\/2019\/11\/sft-newsletter-konzept-2012.pdf\" target=\"_blank\" rel=\"noopener noreferrer\">here<\/a>.[\/vc_column_text][\/vc_column][\/vc_row][vc_row equal_height=&#8221;yes&#8221; rtl_reverse=&#8221;yes&#8221; content_placement=&#8221;middle&#8221; el_class=&#8221;testimonial&#8221;][vc_column width=&#8221;1\/2&#8243;][vc_column_text]SFT introduces the new corporate design, along with restructuring of the organization and administration.[\/vc_column_text][\/vc_column][vc_column width=&#8221;1\/2&#8243;][vc_column_text]<\/p>\n<h3 style=\"text-align: left;\"><strong>2019<\/strong><\/h3>\n<p>[\/vc_column_text][\/vc_column][\/vc_row][vc_row equal_height=&#8221;yes&#8221; rtl_reverse=&#8221;yes&#8221; content_placement=&#8221;middle&#8221; el_class=&#8221;testimonial&#8221;][vc_column width=&#8221;1\/2&#8243;][vc_column_text]<\/p>\n<h3><strong>2025<\/strong><\/h3>\n<p>[\/vc_column_text][\/vc_column][vc_column width=&#8221;1\/2&#8243;][vc_column_text]<\/p>\n<p style=\"text-align: left;\">New facilities at the B\u00fchler Milling Academy for Food and Feed.<\/p>\n<p style=\"text-align: left;\">Merger of the SFT with B\u00fchler AG<\/p>\n<p>[\/vc_column_text][\/vc_column][\/vc_row][\/vc_section][vc_section el_class=&#8221;hintergrund-rot counter&#8221;][vc_row][vc_column width=&#8221;1\/6&#8243;][vc_single_image image=&#8221;81&#8243; img_size=&#8221;full&#8221; alignment=&#8221;center&#8221;][vc_column_text]<\/p>\n<h2 style=\"text-align: center;\">1979<\/h2>\n<p style=\"text-align: center;\">foundation<\/p>\n<p>[\/vc_column_text][\/vc_column][vc_column width=&#8221;1\/6&#8243;][vc_single_image image=&#8221;75&#8243; img_size=&#8221;full&#8221; alignment=&#8221;center&#8221;][vc_column_text]<\/p>\n<h2 style=\"text-align: center;\">21<\/h2>\n<p style=\"text-align: center;\">lecturers<\/p>\n<p>[\/vc_column_text][\/vc_column][vc_column width=&#8221;1\/6&#8243;][vc_single_image image=&#8221;77&#8243; img_size=&#8221;full&#8221; alignment=&#8221;center&#8221;][vc_column_text]<\/p>\n<h2 style=\"text-align: center;\">40<\/h2>\n<p style=\"text-align: center;\">Diploma courses<\/p>\n<p>[\/vc_column_text][\/vc_column][vc_column width=&#8221;1\/6&#8243;][vc_single_image image=&#8221;73&#8243; img_size=&#8221;full&#8221; alignment=&#8221;center&#8221;][vc_column_text]<\/p>\n<h2 style=\"text-align: center;\">624<\/h2>\n<p style=\"text-align: center;\">Diploma graduates<\/p>\n<p>[\/vc_column_text][\/vc_column][vc_column width=&#8221;1\/6&#8243;][vc_single_image image=&#8221;83&#8243; img_size=&#8221;full&#8221; alignment=&#8221;center&#8221;][vc_column_text]<\/p>\n<h2 style=\"text-align: center;\">&gt;500<\/h2>\n<p style=\"text-align: center;\">short courses<\/p>\n<p>[\/vc_column_text][\/vc_column][vc_column width=&#8221;1\/6&#8243;][vc_single_image image=&#8221;79&#8243; img_size=&#8221;full&#8221; alignment=&#8221;center&#8221;][vc_column_text]<\/p>\n<h2 style=\"text-align: center;\">&gt;3&#8217;000<\/h2>\n<p style=\"text-align: center;\">short course graduates<\/p>\n<p>[\/vc_column_text][\/vc_column][\/vc_row][\/vc_section]<\/p>\n<\/div>","protected":false},"excerpt":{"rendered":"<p>[vc_section content_placement=&#8221;middle&#8221; el_id=&#8221;titelbild&#8221; css=&#8221;.vc_custom_1575014279875{background: #efeeec url(https:\/\/www.sft-uzwil.ch\/wp-content\/uploads\/2019\/11\/sft-titelbild-rohstoffe.jpg?id=483) !important;}&#8221; el_class=&#8221;titelbild&#8221;][vc_row][vc_column][\/vc_column][\/vc_row][\/vc_section][vc_section][vc_row][vc_column][vc_column_text] About us SFT &#8211; Swiss Institute of Feed Technology [\/vc_column_text][\/vc_column][\/vc_row][vc_row][vc_column width=&#8221;1\/2&#8243;][vc_column_text]Hands-on and focused \u2013 that&#8217;s more than just a slogan; it&#8217;s a real opportunity for the future! Before the Swiss Institute of Feed Technology (SFT) was founded in 1979, there was no opportunity to train as a&#8230;<\/p>\n","protected":false},"author":1,"featured_media":0,"parent":0,"menu_order":0,"comment_status":"closed","ping_status":"closed","template":"","meta":[],"tags":[],"yoast_head":"<!-- This site is optimized with the Yoast SEO plugin v20.1 - https:\/\/yoast.com\/wordpress\/plugins\/seo\/ -->\n<title>Swiss Institute of Feed Technology - SFT - Schule f\u00fcr Futtermitteltechnik Uzwil<\/title>\n<meta name=\"robots\" content=\"index, follow, max-snippet:-1, max-image-preview:large, max-video-preview:-1\" \/>\n<link rel=\"canonical\" href=\"https:\/\/www.sft-uzwil.ch\/en\/swiss-institute-feed-technology\/\" \/>\n<meta property=\"og:locale\" content=\"en_US\" \/>\n<meta property=\"og:type\" content=\"article\" \/>\n<meta property=\"og:title\" content=\"Swiss Institute of Feed Technology - SFT - Schule f\u00fcr Futtermitteltechnik Uzwil\" \/>\n<meta property=\"og:description\" content=\"[vc_section content_placement=&#8221;middle&#8221; el_id=&#8221;titelbild&#8221; css=&#8221;.vc_custom_1575014279875{background: #efeeec url(https:\/\/www.sft-uzwil.ch\/wp-content\/uploads\/2019\/11\/sft-titelbild-rohstoffe.jpg?id=483) !important;}&#8221; el_class=&#8221;titelbild&#8221;][vc_row][vc_column][\/vc_column][\/vc_row][\/vc_section][vc_section][vc_row][vc_column][vc_column_text] About us SFT &#8211; Swiss Institute of Feed Technology [\/vc_column_text][\/vc_column][\/vc_row][vc_row][vc_column width=&#8221;1\/2&#8243;][vc_column_text]Hands-on and focused \u2013 that&#8217;s more than just a slogan; it&#8217;s a real opportunity for the future! Before the Swiss Institute of Feed Technology (SFT) was founded in 1979, there was no opportunity to train as a...\" \/>\n<meta property=\"og:url\" content=\"https:\/\/www.sft-uzwil.ch\/en\/swiss-institute-feed-technology\/\" \/>\n<meta property=\"og:site_name\" content=\"SFT - Schule f\u00fcr Futtermitteltechnik Uzwil\" \/>\n<meta property=\"article:modified_time\" content=\"2025-08-22T11:38:31+00:00\" \/>\n<meta name=\"twitter:card\" content=\"summary_large_image\" \/>\n<meta name=\"twitter:label1\" content=\"Est. reading time\" \/>\n\t<meta name=\"twitter:data1\" content=\"4 minutes\" \/>\n<script type=\"application\/ld+json\" class=\"yoast-schema-graph\">{\"@context\":\"https:\/\/schema.org\",\"@graph\":[{\"@type\":\"WebPage\",\"@id\":\"https:\/\/www.sft-uzwil.ch\/en\/swiss-institute-feed-technology\/\",\"url\":\"https:\/\/www.sft-uzwil.ch\/en\/swiss-institute-feed-technology\/\",\"name\":\"Swiss Institute of Feed Technology - SFT - Schule f\u00fcr Futtermitteltechnik Uzwil\",\"isPartOf\":{\"@id\":\"https:\/\/www.sft-uzwil.ch\/#website\"},\"datePublished\":\"2019-11-27T15:01:01+00:00\",\"dateModified\":\"2025-08-22T11:38:31+00:00\",\"breadcrumb\":{\"@id\":\"https:\/\/www.sft-uzwil.ch\/en\/swiss-institute-feed-technology\/#breadcrumb\"},\"inLanguage\":\"en-US\",\"potentialAction\":[{\"@type\":\"ReadAction\",\"target\":[\"https:\/\/www.sft-uzwil.ch\/en\/swiss-institute-feed-technology\/\"]}]},{\"@type\":\"BreadcrumbList\",\"@id\":\"https:\/\/www.sft-uzwil.ch\/en\/swiss-institute-feed-technology\/#breadcrumb\",\"itemListElement\":[{\"@type\":\"ListItem\",\"position\":1,\"name\":\"Startseite\",\"item\":\"https:\/\/www.sft-uzwil.ch\/en\/\"},{\"@type\":\"ListItem\",\"position\":2,\"name\":\"Swiss Institute of Feed Technology\"}]},{\"@type\":\"WebSite\",\"@id\":\"https:\/\/www.sft-uzwil.ch\/#website\",\"url\":\"https:\/\/www.sft-uzwil.ch\/\",\"name\":\"SFT - Schule f\u00fcr Futtermitteltechnik Uzwil\",\"description\":\"\",\"potentialAction\":[{\"@type\":\"SearchAction\",\"target\":{\"@type\":\"EntryPoint\",\"urlTemplate\":\"https:\/\/www.sft-uzwil.ch\/?s={search_term_string}\"},\"query-input\":\"required name=search_term_string\"}],\"inLanguage\":\"en-US\"}]}<\/script>\n<!-- \/ Yoast SEO plugin. -->","yoast_head_json":{"title":"Swiss Institute of Feed Technology - SFT - Schule f\u00fcr Futtermitteltechnik Uzwil","robots":{"index":"index","follow":"follow","max-snippet":"max-snippet:-1","max-image-preview":"max-image-preview:large","max-video-preview":"max-video-preview:-1"},"canonical":"https:\/\/www.sft-uzwil.ch\/en\/swiss-institute-feed-technology\/","og_locale":"en_US","og_type":"article","og_title":"Swiss Institute of Feed Technology - SFT - Schule f\u00fcr Futtermitteltechnik Uzwil","og_description":"[vc_section content_placement=&#8221;middle&#8221; el_id=&#8221;titelbild&#8221; css=&#8221;.vc_custom_1575014279875{background: #efeeec url(https:\/\/www.sft-uzwil.ch\/wp-content\/uploads\/2019\/11\/sft-titelbild-rohstoffe.jpg?id=483) !important;}&#8221; el_class=&#8221;titelbild&#8221;][vc_row][vc_column][\/vc_column][\/vc_row][\/vc_section][vc_section][vc_row][vc_column][vc_column_text] About us SFT &#8211; Swiss Institute of Feed Technology [\/vc_column_text][\/vc_column][\/vc_row][vc_row][vc_column width=&#8221;1\/2&#8243;][vc_column_text]Hands-on and focused \u2013 that&#8217;s more than just a slogan; it&#8217;s a real opportunity for the future! Before the Swiss Institute of Feed Technology (SFT) was founded in 1979, there was no opportunity to train as a...","og_url":"https:\/\/www.sft-uzwil.ch\/en\/swiss-institute-feed-technology\/","og_site_name":"SFT - Schule f\u00fcr Futtermitteltechnik Uzwil","article_modified_time":"2025-08-22T11:38:31+00:00","twitter_card":"summary_large_image","twitter_misc":{"Est. reading time":"4 minutes"},"schema":{"@context":"https:\/\/schema.org","@graph":[{"@type":"WebPage","@id":"https:\/\/www.sft-uzwil.ch\/en\/swiss-institute-feed-technology\/","url":"https:\/\/www.sft-uzwil.ch\/en\/swiss-institute-feed-technology\/","name":"Swiss Institute of Feed Technology - SFT - Schule f\u00fcr Futtermitteltechnik Uzwil","isPartOf":{"@id":"https:\/\/www.sft-uzwil.ch\/#website"},"datePublished":"2019-11-27T15:01:01+00:00","dateModified":"2025-08-22T11:38:31+00:00","breadcrumb":{"@id":"https:\/\/www.sft-uzwil.ch\/en\/swiss-institute-feed-technology\/#breadcrumb"},"inLanguage":"en-US","potentialAction":[{"@type":"ReadAction","target":["https:\/\/www.sft-uzwil.ch\/en\/swiss-institute-feed-technology\/"]}]},{"@type":"BreadcrumbList","@id":"https:\/\/www.sft-uzwil.ch\/en\/swiss-institute-feed-technology\/#breadcrumb","itemListElement":[{"@type":"ListItem","position":1,"name":"Startseite","item":"https:\/\/www.sft-uzwil.ch\/en\/"},{"@type":"ListItem","position":2,"name":"Swiss Institute of Feed Technology"}]},{"@type":"WebSite","@id":"https:\/\/www.sft-uzwil.ch\/#website","url":"https:\/\/www.sft-uzwil.ch\/","name":"SFT - Schule f\u00fcr Futtermitteltechnik Uzwil","description":"","potentialAction":[{"@type":"SearchAction","target":{"@type":"EntryPoint","urlTemplate":"https:\/\/www.sft-uzwil.ch\/?s={search_term_string}"},"query-input":"required name=search_term_string"}],"inLanguage":"en-US"}]}},"_links":{"self":[{"href":"https:\/\/www.sft-uzwil.ch\/en\/wp-json\/wp\/v2\/pages\/318"}],"collection":[{"href":"https:\/\/www.sft-uzwil.ch\/en\/wp-json\/wp\/v2\/pages"}],"about":[{"href":"https:\/\/www.sft-uzwil.ch\/en\/wp-json\/wp\/v2\/types\/page"}],"author":[{"embeddable":true,"href":"https:\/\/www.sft-uzwil.ch\/en\/wp-json\/wp\/v2\/users\/1"}],"replies":[{"embeddable":true,"href":"https:\/\/www.sft-uzwil.ch\/en\/wp-json\/wp\/v2\/comments?post=318"}],"version-history":[{"count":15,"href":"https:\/\/www.sft-uzwil.ch\/en\/wp-json\/wp\/v2\/pages\/318\/revisions"}],"predecessor-version":[{"id":3311,"href":"https:\/\/www.sft-uzwil.ch\/en\/wp-json\/wp\/v2\/pages\/318\/revisions\/3311"}],"wp:attachment":[{"href":"https:\/\/www.sft-uzwil.ch\/en\/wp-json\/wp\/v2\/media?parent=318"}],"wp:term":[{"taxonomy":"post_tag","embeddable":true,"href":"https:\/\/www.sft-uzwil.ch\/en\/wp-json\/wp\/v2\/tags?post=318"}],"curies":[{"name":"wp","href":"https:\/\/api.w.org\/{rel}","templated":true}]}}